{"id":44,"date":"2024-11-07T01:05:38","date_gmt":"2024-11-07T01:05:38","guid":{"rendered":"https:\/\/prueba.analisisambiental.com.co\/?page_id=44"},"modified":"2025-01-15T22:22:59","modified_gmt":"2025-01-15T22:22:59","slug":"certificaciones","status":"publish","type":"page","link":"https:\/\/aambiental.co\/home\/certificaciones\/","title":{"rendered":"Por qu\u00e9 elegirnos"},"content":{"rendered":"\t\t<div data-elementor-type=\"wp-page\" data-elementor-id=\"44\" class=\"elementor elementor-44\">\n\t\t\t\t<div class=\"elementor-element elementor-element-48acce7 e-con-full e-flex e-con e-parent\" data-id=\"48acce7\" data-element_type=\"container\" data-settings=\"{&quot;background_background&quot;:&quot;classic&quot;}\">\n\t\t\t\t<div class=\"elementor-element elementor-element-e00b292 elementor-widget elementor-widget-heading\" data-id=\"e00b292\" data-element_type=\"widget\" data-widget_type=\"heading.default\">\n\t\t\t\t\t<h2 class=\"elementor-heading-title elementor-size-default\">39 a\u00f1os de experiencia\n<\/h2>\t\t\t\t<\/div>\n\t\t\t\t<div class=\"elementor-element elementor-element-6a7e33d elementor-widget elementor-widget-heading\" data-id=\"6a7e33d\" data-element_type=\"widget\" data-widget_type=\"heading.default\">\n\t\t\t\t\t<h2 class=\"elementor-heading-title elementor-size-default\">Por qu\u00e9 elegirnos <\/h2>\t\t\t\t<\/div>\n\t\t\t\t<\/div>\n\t\t<div class=\"elementor-element elementor-element-0fc21b0 e-flex e-con-boxed e-con e-parent\" data-id=\"0fc21b0\" data-element_type=\"container\">\n\t\t\t\t\t<div class=\"e-con-inner\">\n\t\t<div class=\"elementor-element elementor-element-42ea7a4 e-con-full e-flex e-con e-child\" data-id=\"42ea7a4\" data-element_type=\"container\">\n\t\t\t\t<div class=\"elementor-element elementor-element-d274afe elementor-widget elementor-widget-spacer\" data-id=\"d274afe\" data-element_type=\"widget\" data-widget_type=\"spacer.default\">\n\t\t\t\t\t\t\t<div class=\"elementor-spacer\">\n\t\t\t<div class=\"elementor-spacer-inner\"><\/div>\n\t\t<\/div>\n\t\t\t\t\t\t<\/div>\n\t\t\t\t<div class=\"elementor-element elementor-element-97f18c7 elementor-widget elementor-widget-text-editor\" data-id=\"97f18c7\" data-element_type=\"widget\" data-widget_type=\"text-editor.default\">\n\t\t\t\t\t\t\t\t\t<p>Somos una empresa de\u00a0consultor\u00eda\u00a0con una amplia trayectoria de m\u00e1s de\u00a038 a\u00f1os\u00a0de experiencia. Acreditada bajo la Norma NTC ISO\/IEC 17025 desde el a\u00f1o 2007 en las matrices: agua, aire, residuos peligrosos y suelo.<\/p>\t\t\t\t\t\t\t\t<\/div>\n\t\t\t\t<div class=\"elementor-element elementor-element-aac7647 elementor-widget-divider--view-line elementor-widget elementor-widget-divider\" data-id=\"aac7647\" data-element_type=\"widget\" data-widget_type=\"divider.default\">\n\t\t\t\t\t\t\t<div class=\"elementor-divider\">\n\t\t\t<span class=\"elementor-divider-separator\">\n\t\t\t\t\t\t<\/span>\n\t\t<\/div>\n\t\t\t\t\t\t<\/div>\n\t\t\t\t<div class=\"elementor-element elementor-element-ab29049 elementor-widget elementor-widget-text-editor\" data-id=\"ab29049\" data-element_type=\"widget\" data-widget_type=\"text-editor.default\">\n\t\t\t\t\t\t\t\t\t<p>\u00a0<\/p><hr \/><ul><li>Participamos en el Programa Interlaboratorios de Control de Calidad de Aguas para Consumo Humano (PICCAP), autorizado por el Ministerio de Salud y Protecci\u00f3n social.<\/li><\/ul>\t\t\t\t\t\t\t\t<\/div>\n\t\t\t\t<div class=\"elementor-element elementor-element-990e6e7 elementor-widget-divider--view-line elementor-widget elementor-widget-divider\" data-id=\"990e6e7\" data-element_type=\"widget\" data-widget_type=\"divider.default\">\n\t\t\t\t\t\t\t<div class=\"elementor-divider\">\n\t\t\t<span class=\"elementor-divider-separator\">\n\t\t\t\t\t\t<\/span>\n\t\t<\/div>\n\t\t\t\t\t\t<\/div>\n\t\t\t\t<div class=\"elementor-element elementor-element-91e16ae elementor-widget elementor-widget-text-editor\" data-id=\"91e16ae\" data-element_type=\"widget\" data-widget_type=\"text-editor.default\">\n\t\t\t\t\t\t\t\t\t<ul><li>Somos l\u00edderes en el Suroccidente\u00a0Colombiano\u00a0y competitivos a nivel nacional en la prestaci\u00f3n de servicios de Laboratorio Fisicoqu\u00edmico, Microbiol\u00f3gico y de Ingenier\u00eda Sanitaria y Ambiental.<\/li><\/ul>\t\t\t\t\t\t\t\t<\/div>\n\t\t\t\t<div class=\"elementor-element elementor-element-81fce57 elementor-widget elementor-widget-spacer\" data-id=\"81fce57\" data-element_type=\"widget\" data-widget_type=\"spacer.default\">\n\t\t\t\t\t\t\t<div class=\"elementor-spacer\">\n\t\t\t<div class=\"elementor-spacer-inner\"><\/div>\n\t\t<\/div>\n\t\t\t\t\t\t<\/div>\n\t\t\t\t<\/div>\n\t\t<div class=\"elementor-element elementor-element-8eb66b8 e-con-full e-flex e-con e-child\" data-id=\"8eb66b8\" data-element_type=\"container\">\n\t\t\t\t<div class=\"elementor-element elementor-element-f0f09cf elementor-widget elementor-widget-spacer\" data-id=\"f0f09cf\" data-element_type=\"widget\" data-widget_type=\"spacer.default\">\n\t\t\t\t\t\t\t<div class=\"elementor-spacer\">\n\t\t\t<div class=\"elementor-spacer-inner\"><\/div>\n\t\t<\/div>\n\t\t\t\t\t\t<\/div>\n\t\t\t\t<div class=\"elementor-element elementor-element-25a02bc elementor-widget elementor-widget-spacer\" data-id=\"25a02bc\" data-element_type=\"widget\" data-widget_type=\"spacer.default\">\n\t\t\t\t\t\t\t<div class=\"elementor-spacer\">\n\t\t\t<div class=\"elementor-spacer-inner\"><\/div>\n\t\t<\/div>\n\t\t\t\t\t\t<\/div>\n\t\t\t\t<div class=\"elementor-element elementor-element-d8621d4 elementor-widget elementor-widget-image\" data-id=\"d8621d4\" data-element_type=\"widget\" data-widget_type=\"image.default\">\n\t\t\t\t\t\t\t\t\t\t\t\t\t\t\t<img fetchpriority=\"high\" decoding=\"async\" width=\"454\" height=\"248\" src=\"https:\/\/aambiental.co\/home\/wp-content\/uploads\/2024\/11\/analisis-ambiental-logo-01-1-1.png\" class=\"attachment-large size-large wp-image-574\" alt=\"\" srcset=\"https:\/\/aambiental.co\/home\/wp-content\/uploads\/2024\/11\/analisis-ambiental-logo-01-1-1.png 454w, https:\/\/aambiental.co\/home\/wp-content\/uploads\/2024\/11\/analisis-ambiental-logo-01-1-1-300x164.png 300w\" sizes=\"(max-width: 454px) 100vw, 454px\" \/>\t\t\t\t\t\t\t\t\t\t\t\t\t\t\t<\/div>\n\t\t\t\t<\/div>\n\t\t\t\t\t<\/div>\n\t\t\t\t<\/div>\n\t\t<div class=\"elementor-element elementor-element-fd5b413 e-con-full e-flex e-con e-parent\" data-id=\"fd5b413\" data-element_type=\"container\" data-settings=\"{&quot;background_background&quot;:&quot;classic&quot;}\">\n\t\t\t\t<div class=\"elementor-element elementor-element-cc77389 elementor-widget elementor-widget-spacer\" data-id=\"cc77389\" data-element_type=\"widget\" data-widget_type=\"spacer.default\">\n\t\t\t\t\t\t\t<div class=\"elementor-spacer\">\n\t\t\t<div class=\"elementor-spacer-inner\"><\/div>\n\t\t<\/div>\n\t\t\t\t\t\t<\/div>\n\t\t\t\t<div class=\"elementor-element elementor-element-a93327f elementor-widget elementor-widget-heading\" data-id=\"a93327f\" data-element_type=\"widget\" data-widget_type=\"heading.default\">\n\t\t\t\t\t<h2 class=\"elementor-heading-title elementor-size-default\">Certificaciones<\/h2>\t\t\t\t<\/div>\n\t\t\t\t<\/div>\n\t\t<div class=\"elementor-element elementor-element-feef71e e-flex e-con-boxed e-con e-parent\" data-id=\"feef71e\" data-element_type=\"container\">\n\t\t\t\t\t<div class=\"e-con-inner\">\n\t\t\t\t<div class=\"elementor-element elementor-element-5aee56b elementor-widget elementor-widget-spacer\" data-id=\"5aee56b\" data-element_type=\"widget\" data-widget_type=\"spacer.default\">\n\t\t\t\t\t\t\t<div class=\"elementor-spacer\">\n\t\t\t<div class=\"elementor-spacer-inner\"><\/div>\n\t\t<\/div>\n\t\t\t\t\t\t<\/div>\n\t\t\t\t\t<\/div>\n\t\t\t\t<\/div>\n\t\t<div class=\"elementor-element elementor-element-562841e e-flex e-con-boxed e-con e-parent\" data-id=\"562841e\" data-element_type=\"container\">\n\t\t\t\t\t<div class=\"e-con-inner\">\n\t\t\t\t<div class=\"elementor-element elementor-element-5533476 elementor-widget elementor-widget-text-editor\" data-id=\"5533476\" data-element_type=\"widget\" data-widget_type=\"text-editor.default\">\n\t\t\t\t\t\t\t\t\t<p>1. El Ministerio de Salud y Protecci\u00f3n social por medio de la Resoluci\u00f3n Numero 00000172 de 2022. Art\u00edculo 1. Tabla. Laboratorios autorizados para la realizaci\u00f3n de an\u00e1lisis f\u00edsicos, qu\u00edmicos y microbiol\u00f3gicos de agua para el consumo humano. El an\u00e1lisis autorizado para cada laboratorio es aquel que est\u00e1 se\u00f1alado con una \u201cX\u201d en la columna respectiva. <b>ANALISIS AMBIENTAL S.A.S\u00a0<\/b>., Hoja 10, \u00edtem 231.<\/p>\t\t\t\t\t\t\t\t<\/div>\n\t\t\t\t<div class=\"elementor-element elementor-element-6f9ef6d elementor-widget-divider--view-line elementor-widget elementor-widget-divider\" data-id=\"6f9ef6d\" data-element_type=\"widget\" data-widget_type=\"divider.default\">\n\t\t\t\t\t\t\t<div class=\"elementor-divider\">\n\t\t\t<span class=\"elementor-divider-separator\">\n\t\t\t\t\t\t<\/span>\n\t\t<\/div>\n\t\t\t\t\t\t<\/div>\n\t\t\t\t<div class=\"elementor-element elementor-element-0b63360 elementor-widget elementor-widget-text-editor\" data-id=\"0b63360\" data-element_type=\"widget\" data-widget_type=\"text-editor.default\">\n\t\t\t\t\t\t\t\t\t<p>\u00a02. Subdirecci\u00f3n de Control y Fiscalizaci\u00f3n de Sustancias Qu\u00edmicas y Estupefacientes: Certificado de Carencia de Informe por Tr\u00e1fico de Estupefacientes <a href=\"https:\/\/aambiental.co\/home\/wp-content\/uploads\/2025\/01\/CCITE-No.-124026-vigencia-20250626.pdf\">(CCITE)\u00a0<b>No.112030<\/b> vigencia hasta el 17 de junio de 2025.<\/a><\/p>\t\t\t\t\t\t\t\t<\/div>\n\t\t\t\t<div class=\"elementor-element elementor-element-79cb77b elementor-widget-divider--view-line elementor-widget elementor-widget-divider\" data-id=\"79cb77b\" data-element_type=\"widget\" data-widget_type=\"divider.default\">\n\t\t\t\t\t\t\t<div class=\"elementor-divider\">\n\t\t\t<span class=\"elementor-divider-separator\">\n\t\t\t\t\t\t<\/span>\n\t\t<\/div>\n\t\t\t\t\t\t<\/div>\n\t\t\t\t<div class=\"elementor-element elementor-element-7177e2a elementor-widget elementor-widget-text-editor\" data-id=\"7177e2a\" data-element_type=\"widget\" data-widget_type=\"text-editor.default\">\n\t\t\t\t\t\t\t\t\t<ol><li>La empresa se encuentra acreditada por el Instituto de Hidrolog\u00eda y Estudios Ambientales -IDEAM, bajo la siguiente resoluci\u00f3n, que determina el alcance<\/li><\/ol><ul><li><a href=\"https:\/\/analisisambiental.com.co\/home\/wp-content\/uploads\/2019\/08\/1.-Resoluci%C3%B3n-Renovaci%C3%B3n-0710-22-julio-2019.pdf\">1. Resoluci\u00f3n Renovaci\u00f3n 0710 22 julio 2019<\/a><\/li><li><a href=\"https:\/\/analisisambiental.com.co\/home\/wp-content\/uploads\/2024\/07\/3.-Prorroga-Res.-Acreditacion-a-partir-23072023.pdf\">3. Prorroga Res. Acreditaci\u00f3n a partir 23072023<\/a><\/li><li><a href=\"https:\/\/analisisambiental.com.co\/home\/wp-content\/uploads\/2024\/07\/4.-Resolucion-Seguimiento1068-09-ago-2023.pdf\">4. Resoluci\u00f3n Seguimiento 1068, 09 ago 2023<\/a><\/li><li><a href=\"https:\/\/analisisambiental.com.co\/home\/wp-content\/uploads\/2024\/07\/5.-Resolucion-1437-Rec.Reposicion-24-oct-2023.pdf\">5. Resoluci\u00f3n 1437 Rec.Reposici\u00f3n, 24 oct 2023<\/a><\/li><li><a href=\"https:\/\/aambiental.co\/home\/wp-content\/uploads\/2025\/01\/Resolucion-0792-del-29-de-julio-de-2024.pdf\">6. Resoluci\u00f3n 0792 29 julio 2024<\/a><\/li><\/ul>\t\t\t\t\t\t\t\t<\/div>\n\t\t\t\t<div class=\"elementor-element elementor-element-9b4382f elementor-widget elementor-widget-spacer\" data-id=\"9b4382f\" data-element_type=\"widget\" data-widget_type=\"spacer.default\">\n\t\t\t\t\t\t\t<div class=\"elementor-spacer\">\n\t\t\t<div class=\"elementor-spacer-inner\"><\/div>\n\t\t<\/div>\n\t\t\t\t\t\t<\/div>\n\t\t\t\t\t<\/div>\n\t\t\t\t<\/div>\n\t\t\t\t<\/div>\n\t\t","protected":false},"excerpt":{"rendered":"<p>39 a\u00f1os de experiencia Por qu\u00e9 elegirnos Somos una empresa de\u00a0consultor\u00eda\u00a0con una amplia trayectoria de m\u00e1s de\u00a038 a\u00f1os\u00a0de experiencia. Acreditada bajo la Norma NTC ISO\/IEC 17025 desde el a\u00f1o 2007 en las matrices: agua, aire, residuos peligrosos y suelo. \u00a0 Participamos en el Programa Interlaboratorios de Control de Calidad de Aguas para Consumo Humano (PICCAP), [&hellip;]<\/p>\n","protected":false},"author":1,"featured_media":0,"parent":0,"menu_order":0,"comment_status":"closed","ping_status":"closed","template":"elementor_header_footer","meta":{"footnotes":""},"class_list":["post-44","page","type-page","status-publish","hentry"],"blocksy_meta":[],"_links":{"self":[{"href":"https:\/\/aambiental.co\/home\/wp-json\/wp\/v2\/pages\/44","targetHints":{"allow":["GET"]}}],"collection":[{"href":"https:\/\/aambiental.co\/home\/wp-json\/wp\/v2\/pages"}],"about":[{"href":"https:\/\/aambiental.co\/home\/wp-json\/wp\/v2\/types\/page"}],"author":[{"embeddable":true,"href":"https:\/\/aambiental.co\/home\/wp-json\/wp\/v2\/users\/1"}],"replies":[{"embeddable":true,"href":"https:\/\/aambiental.co\/home\/wp-json\/wp\/v2\/comments?post=44"}],"version-history":[{"count":110,"href":"https:\/\/aambiental.co\/home\/wp-json\/wp\/v2\/pages\/44\/revisions"}],"predecessor-version":[{"id":2687,"href":"https:\/\/aambiental.co\/home\/wp-json\/wp\/v2\/pages\/44\/revisions\/2687"}],"wp:attachment":[{"href":"https:\/\/aambiental.co\/home\/wp-json\/wp\/v2\/media?parent=44"}],"curies":[{"name":"wp","href":"https:\/\/api.w.org\/{rel}","templated":true}]}}